{"id":165,"date":"2022-12-29T16:47:01","date_gmt":"2022-12-29T15:47:01","guid":{"rendered":"https:\/\/www.anidris-services.lu\/?page_id=165"},"modified":"2023-01-03T14:52:30","modified_gmt":"2023-01-03T13:52:30","slug":"home-candidats","status":"publish","type":"page","link":"https:\/\/www.anidris-services.lu\/en\/home-candidats\/","title":{"rendered":"Home Candidats"},"content":{"rendered":"","protected":false},"excerpt":{"rendered":"","protected":false},"author":2,"featured_media":0,"parent":0,"menu_order":0,"comment_status":"closed","ping_status":"closed","template":"","meta":{"_seopress_robots_primary_cat":"","_seopress_titles_title":"","_seopress_titles_desc":"Rejoignez Anidris Services et donnez un nouvel \u00e9lan \u00e0 votre carri\u00e8re dans l&#039;informatique! Consultez nos offres d&#039;emploi et rejoignez notre \u00e9quipe.","_seopress_robots_index":"","footnotes":""},"class_list":["post-165","page","type-page","status-publish","hentry"],"_links":{"self":[{"href":"https:\/\/www.anidris-services.lu\/en\/wp-json\/wp\/v2\/pages\/165","targetHints":{"allow":["GET"]}}],"collection":[{"href":"https:\/\/www.anidris-services.lu\/en\/wp-json\/wp\/v2\/pages"}],"about":[{"href":"https:\/\/www.anidris-services.lu\/en\/wp-json\/wp\/v2\/types\/page"}],"author":[{"embeddable":true,"href":"https:\/\/www.anidris-services.lu\/en\/wp-json\/wp\/v2\/users\/2"}],"replies":[{"embeddable":true,"href":"https:\/\/www.anidris-services.lu\/en\/wp-json\/wp\/v2\/comments?post=165"}],"version-history":[{"count":2,"href":"https:\/\/www.anidris-services.lu\/en\/wp-json\/wp\/v2\/pages\/165\/revisions"}],"predecessor-version":[{"id":238,"href":"https:\/\/www.anidris-services.lu\/en\/wp-json\/wp\/v2\/pages\/165\/revisions\/238"}],"wp:attachment":[{"href":"https:\/\/www.anidris-services.lu\/en\/wp-json\/wp\/v2\/media?parent=165"}],"curies":[{"name":"wp","href":"https:\/\/api.w.org\/{rel}","templated":true}]}}