{"id":469,"date":"2025-11-17T10:28:01","date_gmt":"2025-11-17T09:28:01","guid":{"rendered":"https:\/\/www.anidris-services.lu\/?page_id=469"},"modified":"2025-11-17T10:44:46","modified_gmt":"2025-11-17T09:44:46","slug":"anidris-services-devient-asensia","status":"publish","type":"page","link":"https:\/\/www.anidris-services.lu\/en\/anidris-services-devient-asensia\/","title":{"rendered":"Anidris Services devient Asensia !"},"content":{"rendered":"<p><strong>Nous avons une grande nouvelle :\u00a0<\/strong><\/p>\n<h1 style=\"text-align: center;\"><strong>Anidris Services devient Asensia<\/strong>.<\/h1>\n<p><img decoding=\"async\" class=\"size-medium wp-image-481 aligncenter\" src=\"https:\/\/www.anidris-services.lu\/wp-content\/uploads\/2025\/11\/ASENSIA-LOGO-with-line-300x112.jpg\" alt=\"\" width=\"300\" height=\"112\" srcset=\"https:\/\/www.anidris-services.lu\/wp-content\/uploads\/2025\/11\/ASENSIA-LOGO-with-line-300x112.jpg 300w, https:\/\/www.anidris-services.lu\/wp-content\/uploads\/2025\/11\/ASENSIA-LOGO-with-line-768x286.jpg 768w, https:\/\/www.anidris-services.lu\/wp-content\/uploads\/2025\/11\/ASENSIA-LOGO-with-line-18x7.jpg 18w, https:\/\/www.anidris-services.lu\/wp-content\/uploads\/2025\/11\/ASENSIA-LOGO-with-line.jpg 827w\" sizes=\"(max-width: 300px) 100vw, 300px\" \/><\/p>\n<p>Depuis 12 ans, la m\u00eame organisation, la m\u00eame expertise, la m\u00eame passion\u2026 alors pourquoi ce nouveau nom ?<\/p>\n<p>Asensia traduit l\u2019ascension que repr\u00e9sente chaque projet, la cord\u00e9e qui se construit avec vous, pas \u00e0 pas, solidaire, avec ses d\u00e9fis, ses pentes abruptes et ses moments de fiert\u00e9 au sommet.<\/p>\n<p>Une promesse que l\u2019on fait chaque jour \u00e0 nos clients et \u00e0 nous-m\u00eame : Celle d\u2019\u00eatre curieux, de viser haut et de se donner les moyens d\u2019y arriver.<\/p>\n<p>Et puis, au c\u0153ur d\u2019Asensia se glisse le mot \u201csens\u201d : la raison d\u2019\u00eatre, l\u2019orientation et le ressenti, car l\u2019IT reste avant tout une exp\u00e9rience humaine, faite d\u2019\u00e9changes et de confiance.<\/p>\n<p>Vous remarquerez aussi la signature \u00ab Powered by human vibes \u00bb.<\/p>\n<p>Pour gravir les montagnes, nous nous sommes toujours appuy\u00e9s sur une force irrempla\u00e7able : notre \u00e9quipe en or. Nous sommes fiers d\u2019en faire notre \u00e9tendard.<\/p>\n<p>Au plaisir d\u2019en \u00e9changer bient\u00f4t ensemble !<\/p>\n<p>Eric Grosset, <em>Managing Director<\/em><\/p>","protected":false},"excerpt":{"rendered":"<p>Nous avons une grande nouvelle :\u00a0 Anidris Services devient Asensia. Depuis 12 ans, la m\u00eame organisation, la m\u00eame expertise, la m\u00eame passion\u2026 alors pourquoi ce nouveau nom ? Asensia traduit l\u2019ascension que repr\u00e9sente chaque projet, la cord\u00e9e qui se construit avec vous, pas \u00e0 pas, solidaire, avec ses d\u00e9fis, ses pentes abruptes et ses moments [&hellip;]<\/p>\n","protected":false},"author":1,"featured_media":0,"parent":0,"menu_order":0,"comment_status":"closed","ping_status":"closed","template":"","meta":{"_seopress_robots_primary_cat":"","_seopress_titles_title":"","_seopress_titles_desc":"","_seopress_robots_index":"","footnotes":""},"class_list":["post-469","page","type-page","status-publish","hentry"],"_links":{"self":[{"href":"https:\/\/www.anidris-services.lu\/en\/wp-json\/wp\/v2\/pages\/469","targetHints":{"allow":["GET"]}}],"collection":[{"href":"https:\/\/www.anidris-services.lu\/en\/wp-json\/wp\/v2\/pages"}],"about":[{"href":"https:\/\/www.anidris-services.lu\/en\/wp-json\/wp\/v2\/types\/page"}],"author":[{"embeddable":true,"href":"https:\/\/www.anidris-services.lu\/en\/wp-json\/wp\/v2\/users\/1"}],"replies":[{"embeddable":true,"href":"https:\/\/www.anidris-services.lu\/en\/wp-json\/wp\/v2\/comments?post=469"}],"version-history":[{"count":13,"href":"https:\/\/www.anidris-services.lu\/en\/wp-json\/wp\/v2\/pages\/469\/revisions"}],"predecessor-version":[{"id":485,"href":"https:\/\/www.anidris-services.lu\/en\/wp-json\/wp\/v2\/pages\/469\/revisions\/485"}],"wp:attachment":[{"href":"https:\/\/www.anidris-services.lu\/en\/wp-json\/wp\/v2\/media?parent=469"}],"curies":[{"name":"wp","href":"https:\/\/api.w.org\/{rel}","templated":true}]}}